{"id":369,"date":"2025-09-06T01:16:05","date_gmt":"2025-09-06T01:16:05","guid":{"rendered":"https:\/\/kaisonice.com\/?post_type=product&#038;p=369"},"modified":"2026-01-03T06:17:18","modified_gmt":"2026-01-03T06:17:18","slug":"cube-ice-machine-under-counter-type-40kg-24h","status":"publish","type":"product","link":"https:\/\/kaisonice.com\/es\/producto\/cube-ice-machine-under-counter-type-40kg-24h\/","title":{"rendered":"M\u00e1quinas autom\u00e1ticas para fabricar bloques de hielo en cubitos de alta producci\u00f3n con capacidad de 40 kg para uso comercial"},"content":{"rendered":"<p><img loading=\"lazy\" decoding=\"async\" class=\"aligncenter size-full wp-image-623\" src=\"https:\/\/kaisonice.com\/wp-content\/uploads\/2025\/12\/\u4e3b\u56fe6-2.webp\" alt=\"\" width=\"1024\" height=\"1024\" srcset=\"https:\/\/kaisonice.com\/wp-content\/uploads\/2025\/12\/\u4e3b\u56fe6-2.webp 1024w, https:\/\/kaisonice.com\/wp-content\/uploads\/2025\/12\/\u4e3b\u56fe6-2-500x500.webp 500w, https:\/\/kaisonice.com\/wp-content\/uploads\/2025\/12\/\u4e3b\u56fe6-2-300x300.webp 300w, https:\/\/kaisonice.com\/wp-content\/uploads\/2025\/12\/\u4e3b\u56fe6-2-768x768.webp 768w, https:\/\/kaisonice.com\/wp-content\/uploads\/2025\/12\/\u4e3b\u56fe6-2-12x12.webp 12w, https:\/\/kaisonice.com\/wp-content\/uploads\/2025\/12\/\u4e3b\u56fe6-2-150x150.webp 150w, https:\/\/kaisonice.com\/wp-content\/uploads\/2025\/12\/\u4e3b\u56fe6-2-75x75.webp 75w, https:\/\/kaisonice.com\/wp-content\/uploads\/2025\/12\/\u4e3b\u56fe6-2-480x480.webp 480w, https:\/\/kaisonice.com\/wp-content\/uploads\/2025\/12\/\u4e3b\u56fe6-2-800x800.webp 800w\" sizes=\"auto, (max-width:767px) 480px, (max-width:1024px) 100vw, 1024px\" \/><img loading=\"lazy\" decoding=\"async\" class=\"aligncenter wp-image-445 size-full\" src=\"https:\/\/kaisonice.com\/wp-content\/uploads\/2025\/10\/kn40.png\" alt=\"\" width=\"764\" height=\"399\" srcset=\"https:\/\/kaisonice.com\/wp-content\/uploads\/2025\/10\/kn40.png 764w, https:\/\/kaisonice.com\/wp-content\/uploads\/2025\/10\/kn40-500x261.png 500w, https:\/\/kaisonice.com\/wp-content\/uploads\/2025\/10\/kn40-300x157.png 300w, https:\/\/kaisonice.com\/wp-content\/uploads\/2025\/10\/kn40-18x9.png 18w, https:\/\/kaisonice.com\/wp-content\/uploads\/2025\/10\/kn40-144x75.png 144w, https:\/\/kaisonice.com\/wp-content\/uploads\/2025\/10\/kn40-480x251.png 480w\" sizes=\"auto, (max-width:767px) 480px, 764px\" \/><\/p>","protected":false},"excerpt":{"rendered":"<div class=\"sr-proMainInfo-baseInfo\">\n<div class=\"sr-proMainInfo-baseInfo-property\">\n<div class=\"sr-proMainInfo-baseInfo-propertyAttr\">\n<div class=\"sr-layout-block sr-com-place sr-com-place-top\">\n<div class=\"sr-linkTo-comInfo J-linkTo-comInfo\">\n<div class=\"sr-comInfo-sign com-place-two com-place-two-new\">\n<div class=\"trade-service-gmv\">\n<p class=\"sign-item\"><img loading=\"lazy\" decoding=\"async\" class=\"\" src=\"https:\/\/www.micstatic.com\/common\/img\/icon-new\/trade-icon_af34000b.png\" width=\"19\" height=\"19\" \/> <strong>Servicio de comercio seguro<\/strong><\/p>\n<\/div>\n<p class=\"sign-item\" style=\"text-align: left;\"><i class=\"item-icon icon-diamond\"><img loading=\"lazy\" decoding=\"async\" class=\"\" src=\"https:\/\/www.micstatic.com\/common\/img\/icon-new\/diamond_32_71cd0e5b.png\" width=\"20\" height=\"20\" \/> <\/i><strong>Proveedor de servicios de diamantes <span class=\"txt-year\">Desde 2001<\/span><\/strong><\/p>\n<\/div>\n<\/div>\n<div class=\"com-place-three com-place-three-new\">\n<p class=\"sign-item J-verified-item\" data-title=\"Audited by an independent third-party inspection agency\"><img loading=\"lazy\" decoding=\"async\" class=\"item-icon\" src=\"https:\/\/www.micstatic.com\/common\/img\/icon-new\/as-short.png\" alt=\"Audited Supplier\" width=\"22\" height=\"22\" \/> <strong>Proveedor auditado<\/strong><\/p>\n<ul>\n<li data-title=\"Audited by an independent third-party inspection agency\"><span class=\"verified-item\">\u00a0 100% Inspecci\u00f3n de productos terminados<\/span><\/li>\n<li data-title=\"Audited by an independent third-party inspection agency\"><span class=\"verified-item\">\u00a0 Control de calidad estandarizado<\/span><\/li>\n<\/ul>\n<div class=\"verified-list\"><\/div>\n<div class=\"verified-list\"><\/div>\n<\/div>\n<\/div>\n<\/div>\n<\/div>\n<\/div>\n<div><\/div>\n<div><\/div>\n<div><\/div>","protected":false},"featured_media":373,"comment_status":"open","ping_status":"closed","template":"","meta":[],"product_brand":[18],"product_cat":[2],"product_tag":[42,43],"class_list":{"0":"post-369","1":"product","2":"type-product","3":"status-publish","4":"has-post-thumbnail","6":"product_brand-easyice","7":"product_cat-cube-ice-series","8":"product_tag-kn-40","9":"product_tag-kn-50","11":"first","12":"instock","13":"shipping-taxable","14":"product-type-simple"},"yoast_head":"<!-- This site is optimized with the Yoast SEO plugin v25.6 - https:\/\/yoast.com\/wordpress\/plugins\/seo\/ -->\n<title>High Production Commercial 40kg Capacity Automatic Cube Block Ice Making Machines - Ningbo Kaison Electric Appliance Co., Ltd.<\/title>\n<meta name=\"description\" content=\"High Production Commercial 40kg Capacity Automatic Cube Block Ice Making Machines\" \/>\n<meta name=\"robots\" content=\"index, follow, max-snippet:-1, max-image-preview:large, max-video-preview:-1\" \/>\n<link rel=\"canonical\" href=\"https:\/\/kaisonice.com\/es\/producto\/cube-ice-machine-under-counter-type-40kg-24h\/\" \/>\n<meta property=\"og:locale\" content=\"es_ES\" \/>\n<meta property=\"og:type\" content=\"article\" \/>\n<meta property=\"og:title\" content=\"High Production Commercial 40kg Capacity Automatic Cube Block Ice Making Machines - Ningbo Kaison Electric Appliance Co., Ltd.\" \/>\n<meta property=\"og:description\" content=\"High Production Commercial 40kg Capacity Automatic Cube Block Ice Making Machines\" \/>\n<meta property=\"og:url\" content=\"https:\/\/kaisonice.com\/es\/producto\/cube-ice-machine-under-counter-type-40kg-24h\/\" \/>\n<meta property=\"og:site_name\" content=\"Ningbo Kaison Electric Appliance Co., Ltd.\" \/>\n<meta property=\"article:modified_time\" content=\"2026-01-03T06:17:18+00:00\" \/>\n<meta property=\"og:image\" content=\"https:\/\/kaisonice.com\/wp-content\/uploads\/2025\/09\/\u672a\u6807\u9898-2.png\" \/>\n\t<meta property=\"og:image:width\" content=\"600\" \/>\n\t<meta property=\"og:image:height\" content=\"600\" \/>\n\t<meta property=\"og:image:type\" content=\"image\/png\" \/>\n<meta name=\"twitter:card\" content=\"summary_large_image\" \/>\n<meta name=\"twitter:label1\" content=\"Tiempo de lectura\" \/>\n\t<meta name=\"twitter:data1\" content=\"1 minuto\" \/>\n<script type=\"application\/ld+json\" class=\"yoast-schema-graph\">{\"@context\":\"https:\/\/schema.org\",\"@graph\":[{\"@type\":\"WebPage\",\"@id\":\"https:\/\/kaisonice.com\/product\/cube-ice-machine-under-counter-type-40kg-24h\/\",\"url\":\"https:\/\/kaisonice.com\/product\/cube-ice-machine-under-counter-type-40kg-24h\/\",\"name\":\"High Production Commercial 40kg Capacity Automatic Cube Block Ice Making Machines - Ningbo Kaison Electric Appliance Co., Ltd.\",\"isPartOf\":{\"@id\":\"https:\/\/kaisonice.com\/ar\/#website\"},\"primaryImageOfPage\":{\"@id\":\"https:\/\/kaisonice.com\/product\/cube-ice-machine-under-counter-type-40kg-24h\/#primaryimage\"},\"image\":{\"@id\":\"https:\/\/kaisonice.com\/product\/cube-ice-machine-under-counter-type-40kg-24h\/#primaryimage\"},\"thumbnailUrl\":\"https:\/\/kaisonice.com\/wp-content\/uploads\/2025\/09\/\u672a\u6807\u9898-2.png\",\"datePublished\":\"2025-09-06T01:16:05+00:00\",\"dateModified\":\"2026-01-03T06:17:18+00:00\",\"description\":\"High Production Commercial 40kg Capacity Automatic Cube Block Ice Making Machines\",\"breadcrumb\":{\"@id\":\"https:\/\/kaisonice.com\/product\/cube-ice-machine-under-counter-type-40kg-24h\/#breadcrumb\"},\"inLanguage\":\"es\",\"potentialAction\":[{\"@type\":\"ReadAction\",\"target\":[\"https:\/\/kaisonice.com\/product\/cube-ice-machine-under-counter-type-40kg-24h\/\"]}]},{\"@type\":\"ImageObject\",\"inLanguage\":\"es\",\"@id\":\"https:\/\/kaisonice.com\/product\/cube-ice-machine-under-counter-type-40kg-24h\/#primaryimage\",\"url\":\"https:\/\/kaisonice.com\/wp-content\/uploads\/2025\/09\/\u672a\u6807\u9898-2.png\",\"contentUrl\":\"https:\/\/kaisonice.com\/wp-content\/uploads\/2025\/09\/\u672a\u6807\u9898-2.png\",\"width\":600,\"height\":600},{\"@type\":\"BreadcrumbList\",\"@id\":\"https:\/\/kaisonice.com\/product\/cube-ice-machine-under-counter-type-40kg-24h\/#breadcrumb\",\"itemListElement\":[{\"@type\":\"ListItem\",\"position\":1,\"name\":\"Home\",\"item\":\"http:\/\/kaisonice.com\/\"},{\"@type\":\"ListItem\",\"position\":2,\"name\":\"Product\",\"item\":\"https:\/\/kaisonice.com\/shop\/\"},{\"@type\":\"ListItem\",\"position\":3,\"name\":\"High Production Commercial 40kg Capacity Automatic Cube Block Ice Making Machines\"}]},{\"@type\":\"WebSite\",\"@id\":\"https:\/\/kaisonice.com\/ar\/#website\",\"url\":\"https:\/\/kaisonice.com\/ar\/\",\"name\":\"Ningbo Kaison Electric Appliance Co., Ltd.\",\"description\":\"Ningbo Kaison Electric Appliance Co., Ltd.\",\"publisher\":{\"@id\":\"https:\/\/kaisonice.com\/ar\/#organization\"},\"potentialAction\":[{\"@type\":\"SearchAction\",\"target\":{\"@type\":\"EntryPoint\",\"urlTemplate\":\"https:\/\/kaisonice.com\/ar\/?s={search_term_string}\"},\"query-input\":{\"@type\":\"PropertyValueSpecification\",\"valueRequired\":true,\"valueName\":\"search_term_string\"}}],\"inLanguage\":\"es\"},{\"@type\":\"Organization\",\"@id\":\"https:\/\/kaisonice.com\/ar\/#organization\",\"name\":\"Ningbo Kaison Electric Appliance Co., Ltd.\",\"url\":\"https:\/\/kaisonice.com\/ar\/\",\"logo\":{\"@type\":\"ImageObject\",\"inLanguage\":\"es\",\"@id\":\"https:\/\/kaisonice.com\/ar\/#\/schema\/logo\/image\/\",\"url\":\"https:\/\/kaisonice.com\/wp-content\/uploads\/2025\/11\/\u5fae\u4fe1\u56fe\u7247_20251105185938_1626_8.png\",\"contentUrl\":\"https:\/\/kaisonice.com\/wp-content\/uploads\/2025\/11\/\u5fae\u4fe1\u56fe\u7247_20251105185938_1626_8.png\",\"width\":400,\"height\":240,\"caption\":\"Ningbo Kaison Electric Appliance Co., Ltd.\"},\"image\":{\"@id\":\"https:\/\/kaisonice.com\/ar\/#\/schema\/logo\/image\/\"}}]}<\/script>\n<!-- \/ Yoast SEO plugin. -->","yoast_head_json":{"title":"High Production Commercial 40kg Capacity Automatic Cube Block Ice Making Machines - Ningbo Kaison Electric Appliance Co., Ltd.","description":"High Production Commercial 40kg Capacity Automatic Cube Block Ice Making Machines","robots":{"index":"index","follow":"follow","max-snippet":"max-snippet:-1","max-image-preview":"max-image-preview:large","max-video-preview":"max-video-preview:-1"},"canonical":"https:\/\/kaisonice.com\/es\/producto\/cube-ice-machine-under-counter-type-40kg-24h\/","og_locale":"es_ES","og_type":"article","og_title":"High Production Commercial 40kg Capacity Automatic Cube Block Ice Making Machines - Ningbo Kaison Electric Appliance Co., Ltd.","og_description":"High Production Commercial 40kg Capacity Automatic Cube Block Ice Making Machines","og_url":"https:\/\/kaisonice.com\/es\/producto\/cube-ice-machine-under-counter-type-40kg-24h\/","og_site_name":"Ningbo Kaison Electric Appliance Co., Ltd.","article_modified_time":"2026-01-03T06:17:18+00:00","og_image":[{"width":600,"height":600,"url":"https:\/\/kaisonice.com\/wp-content\/uploads\/2025\/09\/\u672a\u6807\u9898-2.png","type":"image\/png"}],"twitter_card":"summary_large_image","twitter_misc":{"Tiempo de lectura":"1 minuto"},"schema":{"@context":"https:\/\/schema.org","@graph":[{"@type":"WebPage","@id":"https:\/\/kaisonice.com\/product\/cube-ice-machine-under-counter-type-40kg-24h\/","url":"https:\/\/kaisonice.com\/product\/cube-ice-machine-under-counter-type-40kg-24h\/","name":"High Production Commercial 40kg Capacity Automatic Cube Block Ice Making Machines - Ningbo Kaison Electric Appliance Co., Ltd.","isPartOf":{"@id":"https:\/\/kaisonice.com\/ar\/#website"},"primaryImageOfPage":{"@id":"https:\/\/kaisonice.com\/product\/cube-ice-machine-under-counter-type-40kg-24h\/#primaryimage"},"image":{"@id":"https:\/\/kaisonice.com\/product\/cube-ice-machine-under-counter-type-40kg-24h\/#primaryimage"},"thumbnailUrl":"https:\/\/kaisonice.com\/wp-content\/uploads\/2025\/09\/\u672a\u6807\u9898-2.png","datePublished":"2025-09-06T01:16:05+00:00","dateModified":"2026-01-03T06:17:18+00:00","description":"High Production Commercial 40kg Capacity Automatic Cube Block Ice Making Machines","breadcrumb":{"@id":"https:\/\/kaisonice.com\/product\/cube-ice-machine-under-counter-type-40kg-24h\/#breadcrumb"},"inLanguage":"es","potentialAction":[{"@type":"ReadAction","target":["https:\/\/kaisonice.com\/product\/cube-ice-machine-under-counter-type-40kg-24h\/"]}]},{"@type":"ImageObject","inLanguage":"es","@id":"https:\/\/kaisonice.com\/product\/cube-ice-machine-under-counter-type-40kg-24h\/#primaryimage","url":"https:\/\/kaisonice.com\/wp-content\/uploads\/2025\/09\/\u672a\u6807\u9898-2.png","contentUrl":"https:\/\/kaisonice.com\/wp-content\/uploads\/2025\/09\/\u672a\u6807\u9898-2.png","width":600,"height":600},{"@type":"BreadcrumbList","@id":"https:\/\/kaisonice.com\/product\/cube-ice-machine-under-counter-type-40kg-24h\/#breadcrumb","itemListElement":[{"@type":"ListItem","position":1,"name":"Home","item":"http:\/\/kaisonice.com\/"},{"@type":"ListItem","position":2,"name":"Product","item":"https:\/\/kaisonice.com\/shop\/"},{"@type":"ListItem","position":3,"name":"High Production Commercial 40kg Capacity Automatic Cube Block Ice Making Machines"}]},{"@type":"WebSite","@id":"https:\/\/kaisonice.com\/ar\/#website","url":"https:\/\/kaisonice.com\/ar\/","name":"Ningbo Kaison Electric Appliance Co., Ltd.","description":"Ningbo Kaison Electric Appliance Co., Ltd.","publisher":{"@id":"https:\/\/kaisonice.com\/ar\/#organization"},"potentialAction":[{"@type":"SearchAction","target":{"@type":"EntryPoint","urlTemplate":"https:\/\/kaisonice.com\/ar\/?s={search_term_string}"},"query-input":{"@type":"PropertyValueSpecification","valueRequired":true,"valueName":"search_term_string"}}],"inLanguage":"es"},{"@type":"Organization","@id":"https:\/\/kaisonice.com\/ar\/#organization","name":"Ningbo Kaison Electric Appliance Co., Ltd.","url":"https:\/\/kaisonice.com\/ar\/","logo":{"@type":"ImageObject","inLanguage":"es","@id":"https:\/\/kaisonice.com\/ar\/#\/schema\/logo\/image\/","url":"https:\/\/kaisonice.com\/wp-content\/uploads\/2025\/11\/\u5fae\u4fe1\u56fe\u7247_20251105185938_1626_8.png","contentUrl":"https:\/\/kaisonice.com\/wp-content\/uploads\/2025\/11\/\u5fae\u4fe1\u56fe\u7247_20251105185938_1626_8.png","width":400,"height":240,"caption":"Ningbo Kaison Electric Appliance Co., Ltd."},"image":{"@id":"https:\/\/kaisonice.com\/ar\/#\/schema\/logo\/image\/"}}]}},"_links":{"self":[{"href":"https:\/\/kaisonice.com\/es\/wp-json\/wp\/v2\/product\/369","targetHints":{"allow":["GET"]}}],"collection":[{"href":"https:\/\/kaisonice.com\/es\/wp-json\/wp\/v2\/product"}],"about":[{"href":"https:\/\/kaisonice.com\/es\/wp-json\/wp\/v2\/types\/product"}],"replies":[{"embeddable":true,"href":"https:\/\/kaisonice.com\/es\/wp-json\/wp\/v2\/comments?post=369"}],"wp:featuredmedia":[{"embeddable":true,"href":"https:\/\/kaisonice.com\/es\/wp-json\/wp\/v2\/media\/373"}],"wp:attachment":[{"href":"https:\/\/kaisonice.com\/es\/wp-json\/wp\/v2\/media?parent=369"}],"wp:term":[{"taxonomy":"product_brand","embeddable":true,"href":"https:\/\/kaisonice.com\/es\/wp-json\/wp\/v2\/product_brand?post=369"},{"taxonomy":"product_cat","embeddable":true,"href":"https:\/\/kaisonice.com\/es\/wp-json\/wp\/v2\/product_cat?post=369"},{"taxonomy":"product_tag","embeddable":true,"href":"https:\/\/kaisonice.com\/es\/wp-json\/wp\/v2\/product_tag?post=369"}],"curies":[{"name":"wp","href":"https:\/\/api.w.org\/{rel}","templated":true}]}}