{"id":2,"date":"2023-06-02T11:43:02","date_gmt":"2023-06-02T11:43:02","guid":{"rendered":"https:\/\/kaisonice.com\/?page_id=2"},"modified":"2026-03-23T16:10:25","modified_gmt":"2026-03-23T16:10:25","slug":"home","status":"publish","type":"page","link":"https:\/\/kaisonice.com\/pt\/","title":{"rendered":"Lar"},"content":{"rendered":"<h3> Por favor, adicione algum conte\u00fado \u00e0 sua p\u00e1gina.<\/h3>\r\n\r\n<script type=\"text\/javascript\">\r\n\t\t \t\/\/ Listen for clicks on the entire document\r\n\t\t\tdocument.addEventListener('click', function(event) {\r\n\t\t\t\tconsole.log(event.target.dataset)\r\n\r\n\t\t\t\t\/\/ Check if the clicked element has the 'track-click' class\r\n\t\t\t\tif (event.target.classList.contains('trk-clk-ulbp')) {\r\n\t\t\t\t\t\r\n\t\t\t\t\t\/\/ Get the unique ID from the data-id attribute\r\n\t\t\t\t\tconst elementTxt = event.target.dataset.btntxt;\r\n          const elementUrl = event.target.dataset.btnhref;\r\n\r\n\t\t\t\t\t\/\/ Create a FormData object to send data\r\n\t\t\t\t\tconst formData = new FormData();\r\n\t\t\t\t\tformData.append('clicked_element_text', elementTxt);\r\n          formData.append('clicked_element_url', elementUrl);\r\n          formData.append('clicked_element_psid', 2);\r\n          \/\/console.log(formData.get('clicked_element_psid'));\r\n\t\t\t\t\t\/\/ Use the Fetch API to send the data to our PHP script\r\n\t\t\t\t\tfetch(\r\n              \"https:\/\/kaisonice.com\/wp-admin\/admin-ajax.php?action=ulpb_rc_current_usr_click&POPB_CTA_Nonce=25c254f416\"\r\n            , {\r\n\t\t\t\t\t\tmethod: 'POST',\r\n\t\t\t\t\t\tbody: formData\r\n\t\t\t\t\t})\r\n\t\t\t\t\t.then(response => response.text())\r\n\t\t\t\t\t.then(data => {\r\n\t\t\t\t\t\tconsole.log(data); \/\/ Log the response from PHP (e.g., \"Success!\")\r\n\t\t\t\t\t})\r\n\t\t\t\t\t.catch(error => {\r\n\t\t\t\t\t\tconsole.error('Error tracking click:', error);\r\n\t\t\t\t\t});\r\n\t\t\t\t}\r\n\t\t\t});\t\r\n\t\t<\/script>\r\n\r\n<!-- <style type=\"text\/css\">\r\n  <\/style> -->\r\n\r\n<\/html>","protected":false},"excerpt":{"rendered":"<p>Por favor, adicione algum conte\u00fado \u00e0 sua p\u00e1gina.<\/p>","protected":false},"author":1,"featured_media":0,"parent":0,"menu_order":0,"comment_status":"open","ping_status":"closed","template":"","meta":{"footnotes":""},"class_list":["post-2","page","type-page","status-publish","hentry"],"yoast_head":"<!-- This site is optimized with the Yoast SEO plugin v25.6 - https:\/\/yoast.com\/wordpress\/plugins\/seo\/ -->\n<title>Home - Ningbo Kaison Electric Appliance Co., Ltd.<\/title>\n<meta name=\"robots\" content=\"index, follow, max-snippet:-1, max-image-preview:large, max-video-preview:-1\" \/>\n<link rel=\"canonical\" href=\"http:\/\/kaisonice.com\/pt\/\" \/>\n<meta property=\"og:locale\" content=\"pt_PT\" \/>\n<meta property=\"og:type\" content=\"article\" \/>\n<meta property=\"og:title\" content=\"Home - Ningbo Kaison Electric Appliance Co., Ltd.\" \/>\n<meta property=\"og:description\" content=\"Please add some content in your page.\" \/>\n<meta property=\"og:url\" content=\"http:\/\/kaisonice.com\/pt\/\" \/>\n<meta property=\"og:site_name\" content=\"Ningbo Kaison Electric Appliance Co., Ltd.\" \/>\n<meta property=\"article:modified_time\" content=\"2026-03-23T16:10:25+00:00\" \/>\n<meta name=\"twitter:card\" content=\"summary_large_image\" \/>\n<script type=\"application\/ld+json\" class=\"yoast-schema-graph\">{\"@context\":\"https:\/\/schema.org\",\"@graph\":[{\"@type\":\"WebPage\",\"@id\":\"http:\/\/kaisonice.com\/\",\"url\":\"http:\/\/kaisonice.com\/\",\"name\":\"Home - Ningbo Kaison Electric Appliance Co., Ltd.\",\"isPartOf\":{\"@id\":\"https:\/\/kaisonice.com\/ar\/#website\"},\"datePublished\":\"2023-06-02T11:43:02+00:00\",\"dateModified\":\"2026-03-23T16:10:25+00:00\",\"breadcrumb\":{\"@id\":\"http:\/\/kaisonice.com\/#breadcrumb\"},\"inLanguage\":\"pt-PT\",\"potentialAction\":[{\"@type\":\"ReadAction\",\"target\":[\"http:\/\/kaisonice.com\/\"]}]},{\"@type\":\"BreadcrumbList\",\"@id\":\"http:\/\/kaisonice.com\/#breadcrumb\",\"itemListElement\":[{\"@type\":\"ListItem\",\"position\":1,\"name\":\"Home\",\"item\":\"http:\/\/kaisonice.com\/\"},{\"@type\":\"ListItem\",\"position\":2,\"name\":\"Home\"}]},{\"@type\":\"WebSite\",\"@id\":\"https:\/\/kaisonice.com\/ar\/#website\",\"url\":\"https:\/\/kaisonice.com\/ar\/\",\"name\":\"Ningbo Kaison Electric Appliance Co., Ltd.\",\"description\":\"Ningbo Kaison Electric Appliance Co., Ltd.\",\"publisher\":{\"@id\":\"https:\/\/kaisonice.com\/ar\/#organization\"},\"potentialAction\":[{\"@type\":\"SearchAction\",\"target\":{\"@type\":\"EntryPoint\",\"urlTemplate\":\"https:\/\/kaisonice.com\/ar\/?s={search_term_string}\"},\"query-input\":{\"@type\":\"PropertyValueSpecification\",\"valueRequired\":true,\"valueName\":\"search_term_string\"}}],\"inLanguage\":\"pt-PT\"},{\"@type\":\"Organization\",\"@id\":\"https:\/\/kaisonice.com\/ar\/#organization\",\"name\":\"Ningbo Kaison Electric Appliance Co., Ltd.\",\"url\":\"https:\/\/kaisonice.com\/ar\/\",\"logo\":{\"@type\":\"ImageObject\",\"inLanguage\":\"pt-PT\",\"@id\":\"https:\/\/kaisonice.com\/ar\/#\/schema\/logo\/image\/\",\"url\":\"https:\/\/kaisonice.com\/wp-content\/uploads\/2025\/11\/\u5fae\u4fe1\u56fe\u7247_20251105185938_1626_8.png\",\"contentUrl\":\"https:\/\/kaisonice.com\/wp-content\/uploads\/2025\/11\/\u5fae\u4fe1\u56fe\u7247_20251105185938_1626_8.png\",\"width\":400,\"height\":240,\"caption\":\"Ningbo Kaison Electric Appliance Co., Ltd.\"},\"image\":{\"@id\":\"https:\/\/kaisonice.com\/ar\/#\/schema\/logo\/image\/\"}}]}<\/script>\n<!-- \/ Yoast SEO plugin. -->","yoast_head_json":{"title":"Home - Ningbo Kaison Electric Appliance Co., Ltd.","robots":{"index":"index","follow":"follow","max-snippet":"max-snippet:-1","max-image-preview":"max-image-preview:large","max-video-preview":"max-video-preview:-1"},"canonical":"http:\/\/kaisonice.com\/pt\/","og_locale":"pt_PT","og_type":"article","og_title":"Home - Ningbo Kaison Electric Appliance Co., Ltd.","og_description":"Please add some content in your page.","og_url":"http:\/\/kaisonice.com\/pt\/","og_site_name":"Ningbo Kaison Electric Appliance Co., Ltd.","article_modified_time":"2026-03-23T16:10:25+00:00","twitter_card":"summary_large_image","schema":{"@context":"https:\/\/schema.org","@graph":[{"@type":"WebPage","@id":"http:\/\/kaisonice.com\/","url":"http:\/\/kaisonice.com\/","name":"Home - Ningbo Kaison Electric Appliance Co., Ltd.","isPartOf":{"@id":"https:\/\/kaisonice.com\/ar\/#website"},"datePublished":"2023-06-02T11:43:02+00:00","dateModified":"2026-03-23T16:10:25+00:00","breadcrumb":{"@id":"http:\/\/kaisonice.com\/#breadcrumb"},"inLanguage":"pt-PT","potentialAction":[{"@type":"ReadAction","target":["http:\/\/kaisonice.com\/"]}]},{"@type":"BreadcrumbList","@id":"http:\/\/kaisonice.com\/#breadcrumb","itemListElement":[{"@type":"ListItem","position":1,"name":"Home","item":"http:\/\/kaisonice.com\/"},{"@type":"ListItem","position":2,"name":"Home"}]},{"@type":"WebSite","@id":"https:\/\/kaisonice.com\/ar\/#website","url":"https:\/\/kaisonice.com\/ar\/","name":"Ningbo Kaison Electric Appliance Co., Ltd.","description":"Ningbo Kaison Electric Appliance Co., Ltd.","publisher":{"@id":"https:\/\/kaisonice.com\/ar\/#organization"},"potentialAction":[{"@type":"SearchAction","target":{"@type":"EntryPoint","urlTemplate":"https:\/\/kaisonice.com\/ar\/?s={search_term_string}"},"query-input":{"@type":"PropertyValueSpecification","valueRequired":true,"valueName":"search_term_string"}}],"inLanguage":"pt-PT"},{"@type":"Organization","@id":"https:\/\/kaisonice.com\/ar\/#organization","name":"Ningbo Kaison Electric Appliance Co., Ltd.","url":"https:\/\/kaisonice.com\/ar\/","logo":{"@type":"ImageObject","inLanguage":"pt-PT","@id":"https:\/\/kaisonice.com\/ar\/#\/schema\/logo\/image\/","url":"https:\/\/kaisonice.com\/wp-content\/uploads\/2025\/11\/\u5fae\u4fe1\u56fe\u7247_20251105185938_1626_8.png","contentUrl":"https:\/\/kaisonice.com\/wp-content\/uploads\/2025\/11\/\u5fae\u4fe1\u56fe\u7247_20251105185938_1626_8.png","width":400,"height":240,"caption":"Ningbo Kaison Electric Appliance Co., Ltd."},"image":{"@id":"https:\/\/kaisonice.com\/ar\/#\/schema\/logo\/image\/"}}]}},"_links":{"self":[{"href":"https:\/\/kaisonice.com\/pt\/wp-json\/wp\/v2\/pages\/2","targetHints":{"allow":["GET"]}}],"collection":[{"href":"https:\/\/kaisonice.com\/pt\/wp-json\/wp\/v2\/pages"}],"about":[{"href":"https:\/\/kaisonice.com\/pt\/wp-json\/wp\/v2\/types\/page"}],"author":[{"embeddable":true,"href":"https:\/\/kaisonice.com\/pt\/wp-json\/wp\/v2\/users\/1"}],"replies":[{"embeddable":true,"href":"https:\/\/kaisonice.com\/pt\/wp-json\/wp\/v2\/comments?post=2"}],"version-history":[{"count":3,"href":"https:\/\/kaisonice.com\/pt\/wp-json\/wp\/v2\/pages\/2\/revisions"}],"predecessor-version":[{"id":546,"href":"https:\/\/kaisonice.com\/pt\/wp-json\/wp\/v2\/pages\/2\/revisions\/546"}],"wp:attachment":[{"href":"https:\/\/kaisonice.com\/pt\/wp-json\/wp\/v2\/media?parent=2"}],"curies":[{"name":"wp","href":"https:\/\/api.w.org\/{rel}","templated":true}]}}